{"id":453,"date":"2025-02-10T17:06:39","date_gmt":"2025-02-10T16:06:39","guid":{"rendered":"https:\/\/evangelinefont.fr\/?page_id=453"},"modified":"2025-02-13T16:02:35","modified_gmt":"2025-02-13T15:02:35","slug":"evangeline-font-2","status":"publish","type":"page","link":"https:\/\/evangelinefont.fr\/index.php\/evangeline-font-2\/","title":{"rendered":"Evangeline Font"},"content":{"rendered":"\n<p class=\"has-accent-color has-text-color has-link-color wp-elements-4c55a6ecf3190b979ea6239ba15d6219\"><\/p>\n\n\n\n<p class=\"has-base-2-color has-text-color has-link-color wp-elements-21a0d014a0bc07ccfd995b373c5bd3c1\"><\/p>\n\n\n\n<div class=\"wp-block-query alignfull has-global-padding is-content-justification-left is-layout-constrained wp-container-core-query-is-layout-12dd3699 wp-block-query-is-layout-constrained\">\n<div class=\"wp-block-group alignfull is-layout-flow wp-block-group-is-layout-flow\" style=\"padding-top:0;padding-right:0;padding-bottom:0;padding-left:0\"><ul style=\"text-transform:none;\" class=\"wp-block-post-template is-layout-flow wp-container-core-post-template-is-layout-ea1fff98 wp-block-post-template-is-layout-flow\"><li class=\"wp-block-post post-1033 post type-post status-publish format-standard hentry category-non-classe\">\n\n<div class=\"wp-block-group is-vertical is-content-justification-stretch is-layout-flex wp-container-core-group-is-layout-f7da0f9d wp-block-group-is-layout-flex\" style=\"padding-top:0px;padding-right:0px;padding-bottom:0rem;padding-left:5px\">\n<div class=\"wp-block-group has-global-padding is-content-justification-left is-layout-constrained wp-container-core-group-is-layout-8b1f8745 wp-block-group-is-layout-constrained\" style=\"margin-top:0;margin-bottom:0;padding-top:0;padding-bottom:0\"><h2 style=\"font-size:clamp(2.111rem, 2.111rem + ((1vw - 0.2rem) * 2.815), 3.8rem);font-style:normal;font-weight:400;line-height:1.1;text-transform:lowercase; border-style:none;border-width:0px; padding-top:0;padding-bottom:0;margin-top:0;margin-right:0;margin-bottom:0;margin-left:0;\" class=\"has-text-align-left has-link-color wp-elements-413504516bca0751b8c9035b678df331 wp-block-post-title has-text-color has-base-2-color\"><a href=\"https:\/\/evangelinefont.fr\/index.php\/2025\/12\/12\/silentdreams\/\" target=\"_self\" >Silentdreams<\/a><\/h2><\/div>\n<\/div>\n\n<\/li><li class=\"wp-block-post post-400 post type-post status-publish format-standard hentry category-non-classe\">\n\n<div class=\"wp-block-group is-vertical is-content-justification-stretch is-layout-flex wp-container-core-group-is-layout-f7da0f9d wp-block-group-is-layout-flex\" style=\"padding-top:0px;padding-right:0px;padding-bottom:0rem;padding-left:5px\">\n<div class=\"wp-block-group has-global-padding is-content-justification-left is-layout-constrained wp-container-core-group-is-layout-8b1f8745 wp-block-group-is-layout-constrained\" style=\"margin-top:0;margin-bottom:0;padding-top:0;padding-bottom:0\"><h2 style=\"font-size:clamp(2.111rem, 2.111rem + ((1vw - 0.2rem) * 2.815), 3.8rem);font-style:normal;font-weight:400;line-height:1.1;text-transform:lowercase; border-style:none;border-width:0px; padding-top:0;padding-bottom:0;margin-top:0;margin-right:0;margin-bottom:0;margin-left:0;\" class=\"has-text-align-left has-link-color wp-elements-413504516bca0751b8c9035b678df331 wp-block-post-title has-text-color has-base-2-color\"><a href=\"https:\/\/evangelinefont.fr\/index.php\/2025\/02\/10\/je-suis-arrivee-en-trainant-ce-sac-merveilleu-lourd-et-rempli-de-trucs-ii\/\" target=\"_self\" >\u00ab\u00a0Je suis arriv\u00e9e en trainant ce sac merveilleux, lourd et rempli de trucs\u00a0\u00bb II<\/a><\/h2><\/div>\n<\/div>\n\n<\/li><li class=\"wp-block-post post-402 post type-post status-publish format-standard hentry category-non-classe\">\n\n<div class=\"wp-block-group is-vertical is-content-justification-stretch is-layout-flex wp-container-core-group-is-layout-f7da0f9d wp-block-group-is-layout-flex\" style=\"padding-top:0px;padding-right:0px;padding-bottom:0rem;padding-left:5px\">\n<div class=\"wp-block-group has-global-padding is-content-justification-left is-layout-constrained wp-container-core-group-is-layout-8b1f8745 wp-block-group-is-layout-constrained\" style=\"margin-top:0;margin-bottom:0;padding-top:0;padding-bottom:0\"><h2 style=\"font-size:clamp(2.111rem, 2.111rem + ((1vw - 0.2rem) * 2.815), 3.8rem);font-style:normal;font-weight:400;line-height:1.1;text-transform:lowercase; border-style:none;border-width:0px; padding-top:0;padding-bottom:0;margin-top:0;margin-right:0;margin-bottom:0;margin-left:0;\" class=\"has-text-align-left has-link-color wp-elements-413504516bca0751b8c9035b678df331 wp-block-post-title has-text-color has-base-2-color\"><a href=\"https:\/\/evangelinefont.fr\/index.php\/2025\/02\/10\/rever-na-jamais-ete-aussi-accessible\/\" target=\"_self\" >R\u00eaver n&rsquo;a jamais \u00e9t\u00e9 aussi accessible<\/a><\/h2><\/div>\n<\/div>\n\n<\/li><li class=\"wp-block-post post-408 post type-post status-publish format-standard hentry category-non-classe\">\n\n<div class=\"wp-block-group is-vertical is-content-justification-stretch is-layout-flex wp-container-core-group-is-layout-f7da0f9d wp-block-group-is-layout-flex\" style=\"padding-top:0px;padding-right:0px;padding-bottom:0rem;padding-left:5px\">\n<div class=\"wp-block-group has-global-padding is-content-justification-left is-layout-constrained wp-container-core-group-is-layout-8b1f8745 wp-block-group-is-layout-constrained\" style=\"margin-top:0;margin-bottom:0;padding-top:0;padding-bottom:0\"><h2 style=\"font-size:clamp(2.111rem, 2.111rem + ((1vw - 0.2rem) * 2.815), 3.8rem);font-style:normal;font-weight:400;line-height:1.1;text-transform:lowercase; border-style:none;border-width:0px; padding-top:0;padding-bottom:0;margin-top:0;margin-right:0;margin-bottom:0;margin-left:0;\" class=\"has-text-align-left has-link-color wp-elements-413504516bca0751b8c9035b678df331 wp-block-post-title has-text-color has-base-2-color\"><a href=\"https:\/\/evangelinefont.fr\/index.php\/2025\/01\/30\/mirage\/\" target=\"_self\" >Mirage<\/a><\/h2><\/div>\n<\/div>\n\n<\/li><li class=\"wp-block-post post-410 post type-post status-publish format-standard hentry category-non-classe\">\n\n<div class=\"wp-block-group is-vertical is-content-justification-stretch is-layout-flex wp-container-core-group-is-layout-f7da0f9d wp-block-group-is-layout-flex\" style=\"padding-top:0px;padding-right:0px;padding-bottom:0rem;padding-left:5px\">\n<div class=\"wp-block-group has-global-padding is-content-justification-left is-layout-constrained wp-container-core-group-is-layout-8b1f8745 wp-block-group-is-layout-constrained\" style=\"margin-top:0;margin-bottom:0;padding-top:0;padding-bottom:0\"><h2 style=\"font-size:clamp(2.111rem, 2.111rem + ((1vw - 0.2rem) * 2.815), 3.8rem);font-style:normal;font-weight:400;line-height:1.1;text-transform:lowercase; border-style:none;border-width:0px; padding-top:0;padding-bottom:0;margin-top:0;margin-right:0;margin-bottom:0;margin-left:0;\" class=\"has-text-align-left has-link-color wp-elements-413504516bca0751b8c9035b678df331 wp-block-post-title has-text-color has-base-2-color\"><a href=\"https:\/\/evangelinefont.fr\/index.php\/2025\/01\/30\/je-suis-arrive-en-trainant-ce-sac-merveilleux-lourd-et-rempli-de-trucs-i\/\" target=\"_self\" >\u00ab Je suis arriv\u00e9 en tra\u00eenant ce sac merveilleux, lourd et rempli de trucs \u00bb I<\/a><\/h2><\/div>\n<\/div>\n\n<\/li><li class=\"wp-block-post post-404 post type-post status-publish format-standard hentry category-non-classe\">\n\n<div class=\"wp-block-group is-vertical is-content-justification-stretch is-layout-flex wp-container-core-group-is-layout-f7da0f9d wp-block-group-is-layout-flex\" style=\"padding-top:0px;padding-right:0px;padding-bottom:0rem;padding-left:5px\">\n<div class=\"wp-block-group has-global-padding is-content-justification-left is-layout-constrained wp-container-core-group-is-layout-8b1f8745 wp-block-group-is-layout-constrained\" style=\"margin-top:0;margin-bottom:0;padding-top:0;padding-bottom:0\"><h2 style=\"font-size:clamp(2.111rem, 2.111rem + ((1vw - 0.2rem) * 2.815), 3.8rem);font-style:normal;font-weight:400;line-height:1.1;text-transform:lowercase; border-style:none;border-width:0px; padding-top:0;padding-bottom:0;margin-top:0;margin-right:0;margin-bottom:0;margin-left:0;\" class=\"has-text-align-left has-link-color wp-elements-413504516bca0751b8c9035b678df331 wp-block-post-title has-text-color has-base-2-color\"><a href=\"https:\/\/evangelinefont.fr\/index.php\/2025\/01\/29\/elles-vivaient-dans-des-habitats-naturels\/\" target=\"_self\" >Elles vivaient dans des habitats naturels<\/a><\/h2><\/div>\n<\/div>\n\n<\/li><li class=\"wp-block-post post-406 post type-post status-publish format-standard hentry category-non-classe\">\n\n<div class=\"wp-block-group is-vertical is-content-justification-stretch is-layout-flex wp-container-core-group-is-layout-f7da0f9d wp-block-group-is-layout-flex\" style=\"padding-top:0px;padding-right:0px;padding-bottom:0rem;padding-left:5px\">\n<div class=\"wp-block-group has-global-padding is-content-justification-left is-layout-constrained wp-container-core-group-is-layout-8b1f8745 wp-block-group-is-layout-constrained\" style=\"margin-top:0;margin-bottom:0;padding-top:0;padding-bottom:0\"><h2 style=\"font-size:clamp(2.111rem, 2.111rem + ((1vw - 0.2rem) * 2.815), 3.8rem);font-style:normal;font-weight:400;line-height:1.1;text-transform:lowercase; border-style:none;border-width:0px; padding-top:0;padding-bottom:0;margin-top:0;margin-right:0;margin-bottom:0;margin-left:0;\" class=\"has-text-align-left has-link-color wp-elements-413504516bca0751b8c9035b678df331 wp-block-post-title has-text-color has-base-2-color\"><a href=\"https:\/\/evangelinefont.fr\/index.php\/2025\/01\/28\/nymphes\/\" target=\"_self\" >Nymphes<\/a><\/h2><\/div>\n<\/div>\n\n<\/li><li class=\"wp-block-post post-956 post type-post status-publish format-standard hentry category-non-classe\">\n\n<div class=\"wp-block-group is-vertical is-content-justification-stretch is-layout-flex wp-container-core-group-is-layout-f7da0f9d wp-block-group-is-layout-flex\" style=\"padding-top:0px;padding-right:0px;padding-bottom:0rem;padding-left:5px\">\n<div class=\"wp-block-group has-global-padding is-content-justification-left is-layout-constrained wp-container-core-group-is-layout-8b1f8745 wp-block-group-is-layout-constrained\" style=\"margin-top:0;margin-bottom:0;padding-top:0;padding-bottom:0\"><h2 style=\"font-size:clamp(2.111rem, 2.111rem + ((1vw - 0.2rem) * 2.815), 3.8rem);font-style:normal;font-weight:400;line-height:1.1;text-transform:lowercase; border-style:none;border-width:0px; padding-top:0;padding-bottom:0;margin-top:0;margin-right:0;margin-bottom:0;margin-left:0;\" class=\"has-text-align-left has-link-color wp-elements-413504516bca0751b8c9035b678df331 wp-block-post-title has-text-color has-base-2-color\"><a href=\"https:\/\/evangelinefont.fr\/index.php\/2025\/01\/27\/loeil-du-crocodile-segaya-en-jouant-a-la-dinette\/\" target=\"_self\" >L\u2019oeil du crocodile s\u2019\u00e9gaya en jouant \u00e0 la dinette<\/a><\/h2><\/div>\n<\/div>\n\n<\/li><\/ul><\/div>\n\n\n\n<div class=\"wp-block-group is-layout-flow wp-block-group-is-layout-flow\" style=\"margin-top:0;margin-bottom:0;padding-top:var(--wp--preset--spacing--30);padding-right:16px;padding-bottom:var(--wp--preset--spacing--30);padding-left:16px\"><\/div>\n<\/div>\n","protected":false},"excerpt":{"rendered":"","protected":false},"author":1,"featured_media":0,"parent":0,"menu_order":0,"comment_status":"closed","ping_status":"closed","template":"menu-projet","meta":{"footnotes":""},"class_list":["post-453","page","type-page","status-publish","hentry"],"_links":{"self":[{"href":"https:\/\/evangelinefont.fr\/index.php\/wp-json\/wp\/v2\/pages\/453","targetHints":{"allow":["GET"]}}],"collection":[{"href":"https:\/\/evangelinefont.fr\/index.php\/wp-json\/wp\/v2\/pages"}],"about":[{"href":"https:\/\/evangelinefont.fr\/index.php\/wp-json\/wp\/v2\/types\/page"}],"author":[{"embeddable":true,"href":"https:\/\/evangelinefont.fr\/index.php\/wp-json\/wp\/v2\/users\/1"}],"replies":[{"embeddable":true,"href":"https:\/\/evangelinefont.fr\/index.php\/wp-json\/wp\/v2\/comments?post=453"}],"version-history":[{"count":36,"href":"https:\/\/evangelinefont.fr\/index.php\/wp-json\/wp\/v2\/pages\/453\/revisions"}],"predecessor-version":[{"id":815,"href":"https:\/\/evangelinefont.fr\/index.php\/wp-json\/wp\/v2\/pages\/453\/revisions\/815"}],"wp:attachment":[{"href":"https:\/\/evangelinefont.fr\/index.php\/wp-json\/wp\/v2\/media?parent=453"}],"curies":[{"name":"wp","href":"https:\/\/api.w.org\/{rel}","templated":true}]}}