{"id":714,"date":"2025-02-12T15:28:41","date_gmt":"2025-02-12T14:28:41","guid":{"rendered":"https:\/\/evangelinefont.fr\/?page_id=714"},"modified":"2025-02-13T14:42:20","modified_gmt":"2025-02-13T13:42:20","slug":"textes","status":"publish","type":"page","link":"https:\/\/evangelinefont.fr\/index.php\/textes\/","title":{"rendered":"textes"},"content":{"rendered":"\n<p class=\"has-contrast-3-color has-text-color has-link-color wp-elements-5b89b79eb67e0833f9014beccfe945d8\"><br><br><br><\/p>\n\n\n\n<p class=\"has-base-2-color has-text-color has-link-color has-medium-font-size wp-elements-f9a7999722fbe489ef8933bf306a9824\">\u00ab\u00a0Je suis arriv\u00e9 en tra\u00eenant ce sac merveilleux lourd et rempli de trucs\u00a0\u00bb <br>Texte de l&rsquo;Exposition La rel\u00e8ve 7 &#8211; festival Parall\u00e8le<\/p>\n\n\n\n<p class=\"has-base-2-color has-text-color has-link-color has-small-font-size wp-elements-58d99fe6cb227b70a2176f313bcf89a7\" style=\"margin-top:0;margin-right:0;margin-bottom:0;margin-left:0\"><br>Dans le travail artistique d&rsquo;\u00c9vangeline Font, les techniques artisanales se m\u00ealent \u00e0 celles de la sculpture traditionnelle, pour d\u00e9ployer un univers teint\u00e9 d&rsquo;une science fiction r\u00e9solument f\u00e9ministe. Par le dessin, le textile, le volume ou la vid\u00e9o, elle \u00e9voque un imaginaire dans lequel les grands r\u00e9cits qui conditionnent notre mani\u00e8re de regarder l&rsquo;avenir inventent de nouveaux cadres, moins port\u00e9s par la technologie, plus conscient du vivant. Ses \u0153uvres convoquent l&rsquo;architecture utopiste, l&rsquo;espace urbain et domestique. Elles jouent souvent de modularit\u00e9 pour cr\u00e9er des environnements immersifs.<br>Je suis arriv\u00e9 en tra\u00eenant ce sac merveilleux lourd et rempli de trucs fait directement r\u00e9f\u00e9rence \u00e0 l&rsquo;autrice de science-fiction Ursula K. Le Guin. Dans son texte La th\u00e9orie de la fiction panier, qui s&rsquo;appuie lui-m\u00eame sur le travail de l&rsquo;autrice f\u00e9ministe Elizabeth Fisher, elle d\u00e9fend les narrations sans violence ni h\u00e9ro\u00efsme individuel, privil\u00e9giant des histoires de cueillettes et de commencements plut\u00f4t que de chasses et de mort. Ici, sur une \u00e9tag\u00e8re en b\u00e9ton, \u00c9vangeline Font propose une s\u00e9rie de sculptures, d&rsquo;odeurs et de processus vivants.<br>Elle constitue un ensemble polyphonique et \u00e9volutif dans lequel tous les \u00e9l\u00e9ments sont porteurs du fragment d&rsquo;une histoire commune. Chaque exposition donne lieu \u00e0 de nouveaux agencements \u00e0 partir de recherches sur un mat\u00e9riau, une technique, une forme.<br>L&rsquo;\u0153uvre se donne \u00e0 comprendre comme un panier qui se remplit d&rsquo;exp\u00e9riences sans cesse renouvel\u00e9es.<br><br>Guillaume Mansart<\/p>\n","protected":false},"excerpt":{"rendered":"<p>\u00ab\u00a0Je suis arriv\u00e9 en tra\u00eenant ce sac merveilleux lourd et rempli de trucs\u00a0\u00bb Texte de l&rsquo;Exposition La rel\u00e8ve 7 &#8211; festival Parall\u00e8le Dans le travail artistique d&rsquo;\u00c9vangeline Font, les techniques artisanales se m\u00ealent \u00e0 celles de la sculpture traditionnelle, pour d\u00e9ployer un univers teint\u00e9 d&rsquo;une science fiction r\u00e9solument f\u00e9ministe. Par le dessin, le textile, le [&hellip;]<\/p>\n","protected":false},"author":1,"featured_media":0,"parent":0,"menu_order":0,"comment_status":"closed","ping_status":"closed","template":"","meta":{"footnotes":""},"class_list":["post-714","page","type-page","status-publish","hentry"],"_links":{"self":[{"href":"https:\/\/evangelinefont.fr\/index.php\/wp-json\/wp\/v2\/pages\/714","targetHints":{"allow":["GET"]}}],"collection":[{"href":"https:\/\/evangelinefont.fr\/index.php\/wp-json\/wp\/v2\/pages"}],"about":[{"href":"https:\/\/evangelinefont.fr\/index.php\/wp-json\/wp\/v2\/types\/page"}],"author":[{"embeddable":true,"href":"https:\/\/evangelinefont.fr\/index.php\/wp-json\/wp\/v2\/users\/1"}],"replies":[{"embeddable":true,"href":"https:\/\/evangelinefont.fr\/index.php\/wp-json\/wp\/v2\/comments?post=714"}],"version-history":[{"count":8,"href":"https:\/\/evangelinefont.fr\/index.php\/wp-json\/wp\/v2\/pages\/714\/revisions"}],"predecessor-version":[{"id":858,"href":"https:\/\/evangelinefont.fr\/index.php\/wp-json\/wp\/v2\/pages\/714\/revisions\/858"}],"wp:attachment":[{"href":"https:\/\/evangelinefont.fr\/index.php\/wp-json\/wp\/v2\/media?parent=714"}],"curies":[{"name":"wp","href":"https:\/\/api.w.org\/{rel}","templated":true}]}}